{"id":703,"date":"2022-04-05T00:22:24","date_gmt":"2022-04-04T22:22:24","guid":{"rendered":"http:\/\/neu.tsg-hagen.de\/?page_id=703"},"modified":"2026-02-17T21:31:16","modified_gmt":"2026-02-17T20:31:16","slug":"impressum","status":"publish","type":"page","link":"https:\/\/tsg-hagen.de\/index.php\/impressum\/","title":{"rendered":"Impressum"},"content":{"rendered":"\n<p>Verantwortlich f\u00fcr den Inhalt der Website ist der Vorstand der TSG-Hagen e.V.:<\/p>\n\n\n\n<div class=\"wp-block-columns is-layout-flex wp-container-core-columns-is-layout-9d6595d7 wp-block-columns-is-layout-flex\">\n<div class=\"wp-block-column is-layout-flow wp-block-column-is-layout-flow\">\n<p><strong>Vereinsanschrift<\/strong>:<br>TSG-Hagen e.V.<br>Enneperstr. 4<br>58135 Hagen<\/p>\n<\/div>\n\n\n\n<div class=\"wp-block-column is-layout-flow wp-block-column-is-layout-flow\">\n<p>Eingetragen unter der Nr. 1185<br>im Vereinsregister am Amtsgericht Hagen<\/p>\n<\/div>\n<\/div>\n\n\n\n<div style=\"height:55px\" aria-hidden=\"true\" class=\"wp-block-spacer\"><\/div>\n\n\n\n<div class=\"wp-block-columns is-layout-flex wp-container-core-columns-is-layout-9d6595d7 wp-block-columns-is-layout-flex\">\n<div class=\"wp-block-column is-layout-flow wp-block-column-is-layout-flow\">\n<figure class=\"wp-block-image size-full is-resized has-custom-border is-style-rounded\"><img loading=\"lazy\" decoding=\"async\" width=\"644\" height=\"644\" src=\"https:\/\/tsg-hagen.de\/wp-content\/uploads\/2026\/02\/Unbenannt-edited.jpg\" alt=\"\" class=\"wp-image-1415\" style=\"border-top-left-radius:200px;border-top-right-radius:200px;border-bottom-left-radius:200px;border-bottom-right-radius:200px;width:179px;height:auto\" srcset=\"https:\/\/tsg-hagen.de\/wp-content\/uploads\/2026\/02\/Unbenannt-edited.jpg 644w, https:\/\/tsg-hagen.de\/wp-content\/uploads\/2026\/02\/Unbenannt-edited-300x300.jpg 300w, https:\/\/tsg-hagen.de\/wp-content\/uploads\/2026\/02\/Unbenannt-edited-150x150.jpg 150w\" sizes=\"auto, (max-width: 644px) 100vw, 644px\" \/><\/figure>\n\n\n\n<div style=\"height:45px\" aria-hidden=\"true\" class=\"wp-block-spacer\"><\/div>\n\n\n\n<p><strong>1. Vorsitzender:<\/strong><br>Markus P\u00fctz<\/p>\n\n\n\n<div class=\"wp-block-buttons is-layout-flex wp-block-buttons-is-layout-flex\">\n<div class=\"wp-block-button\"><a class=\"wp-block-button__link wp-element-button\" href=\"mailto:info@tsg-hagen.de\" target=\"_blank\" rel=\"noreferrer noopener\">Kontakt<\/a><\/div>\n<\/div>\n<\/div>\n\n\n\n<div class=\"wp-block-column is-layout-flow wp-block-column-is-layout-flow\">\n<figure class=\"wp-block-image size-large is-resized has-custom-border is-style-rounded\"><img loading=\"lazy\" decoding=\"async\" width=\"2560\" height=\"2560\" src=\"https:\/\/tsg-hagen.de\/wp-content\/uploads\/2026\/02\/IMG_20240601_120404-edited-scaled.jpg\" alt=\"\" class=\"wp-image-1461\" style=\"border-top-left-radius:200px;border-top-right-radius:200px;border-bottom-left-radius:200px;border-bottom-right-radius:200px;width:179px;height:auto\" srcset=\"https:\/\/tsg-hagen.de\/wp-content\/uploads\/2026\/02\/IMG_20240601_120404-edited-scaled.jpg 2560w, https:\/\/tsg-hagen.de\/wp-content\/uploads\/2026\/02\/IMG_20240601_120404-edited-300x300.jpg 300w, https:\/\/tsg-hagen.de\/wp-content\/uploads\/2026\/02\/IMG_20240601_120404-edited-1024x1024.jpg 1024w, https:\/\/tsg-hagen.de\/wp-content\/uploads\/2026\/02\/IMG_20240601_120404-edited-150x150.jpg 150w, https:\/\/tsg-hagen.de\/wp-content\/uploads\/2026\/02\/IMG_20240601_120404-edited-768x768.jpg 768w, https:\/\/tsg-hagen.de\/wp-content\/uploads\/2026\/02\/IMG_20240601_120404-edited-1536x1536.jpg 1536w, https:\/\/tsg-hagen.de\/wp-content\/uploads\/2026\/02\/IMG_20240601_120404-edited-2048x2048.jpg 2048w\" sizes=\"auto, (max-width: 2560px) 100vw, 2560px\" \/><\/figure>\n\n\n\n<div style=\"height:45px\" aria-hidden=\"true\" class=\"wp-block-spacer\"><\/div>\n\n\n\n<p><strong>2. Vorsitzender:<\/strong><br>Falko Fl\u00fcsh\u00f6h<\/p>\n\n\n\n<div class=\"wp-block-buttons is-layout-flex wp-block-buttons-is-layout-flex\">\n<div class=\"wp-block-button\"><a class=\"wp-block-button__link wp-element-button\" href=\"mailto:info@tsg-hagen.de\" target=\"_blank\" rel=\"noreferrer noopener\">Kontakt<\/a><\/div>\n<\/div>\n<\/div>\n<\/div>\n\n\n\n<div style=\"height:68px\" aria-hidden=\"true\" class=\"wp-block-spacer\"><\/div>\n\n\n\n<div class=\"wp-block-columns is-layout-flex wp-container-core-columns-is-layout-9d6595d7 wp-block-columns-is-layout-flex\">\n<div class=\"wp-block-column is-layout-flow wp-block-column-is-layout-flow\">\n<p>F\u00fcr Informationen und Fragen bitte eine kurze e-mail an <a href=\"mailto:info@tsg-hagen.de\" target=\"_blank\" rel=\"noreferrer noopener\">info@tsg-hagen.de<\/a><\/p>\n<\/div>\n\n\n\n<div class=\"wp-block-column is-layout-flow wp-block-column-is-layout-flow\">\n<p>Bei Fragen zum Internetauftritt bitte an <a href=\"mailto:admin@tsg-hagen.de\" target=\"_blank\" rel=\"noreferrer noopener\">admin@tsg-hagen.de<\/a> wenden.<\/p>\n<\/div>\n<\/div>\n\n\n\n<div style=\"height:56px\" aria-hidden=\"true\" class=\"wp-block-spacer\"><\/div>\n\n\n\n<p>Der Verein ist Mitglied im:<br><a href=\"http:\/\/www.vdst.de\/\" target=\"_blank\" rel=\"noreferrer noopener\">VDST<\/a> (Verband deutscher Sporttaucher),<br><a href=\"http:\/\/www.tauchsportverband-nrw.de\/\" target=\"_blank\" rel=\"noreferrer noopener\">TSV-NRW<\/a> (Tauchsportverband Nordrhein-Westfalen),<br><a href=\"http:\/\/www.ssb-hagen.de\/\" target=\"_blank\" rel=\"noreferrer noopener\">SSB Hagen<\/a> (Stadtsportbund Hagen),<br><a href=\"http:\/\/hasper-kirmes.de\/\" target=\"_blank\" rel=\"noreferrer noopener\">HHBV<\/a> (Hasper Heimat- und Brauchtum Verein)<\/p>\n\n\n\n<p>Nat\u00fcrlich gibt es auch bei uns so etwas wie ein \u201cCopyright\u201d.Das hei\u00dft, dass die Inhalte unserer Homepage nicht ohne unsere Einwilligung kopiert oder anderweitig vervielf\u00e4ltigt werden d\u00fcrfen.Die Rechte f\u00fcr die Fotos liegen nat\u00fcrlich bei den Fotografen. Den Kontakt stellen wir bei Bedarf gerne her, Email gen\u00fcgt<\/p>\n","protected":false},"excerpt":{"rendered":"<p>Verantwortlich f\u00fcr den Inhalt der Website ist der Vorstand der TSG-Hagen e.V.: Vereinsanschrift:TSG-Hagen e.V.Enneperstr. 458135 Hagen Eingetragen unter der Nr. 1185im Vereinsregister am Amtsgericht Hagen 1. Vorsitzender:Markus P\u00fctz 2. Vorsitzender:Falko Fl\u00fcsh\u00f6h F\u00fcr Informationen und Fragen bitte eine kurze e-mail an info@tsg-hagen.de Bei Fragen zum Internetauftritt bitte an admin@tsg-hagen.de wenden. Der Verein ist Mitglied im:VDST (Verband&hellip;&nbsp;<a href=\"https:\/\/tsg-hagen.de\/index.php\/impressum\/\" rel=\"bookmark\">Weiterlesen &raquo;<span class=\"screen-reader-text\">Impressum<\/span><\/a><\/p>\n","protected":false},"author":1,"featured_media":0,"parent":0,"menu_order":0,"comment_status":"closed","ping_status":"closed","template":"","meta":{"neve_meta_sidebar":"","neve_meta_container":"","neve_meta_enable_content_width":"","neve_meta_content_width":0,"neve_meta_title_alignment":"","neve_meta_author_avatar":"","neve_post_elements_order":"","neve_meta_disable_header":"","neve_meta_disable_footer":"","neve_meta_disable_title":"","footnotes":""},"class_list":["post-703","page","type-page","status-publish","hentry"],"_links":{"self":[{"href":"https:\/\/tsg-hagen.de\/index.php\/wp-json\/wp\/v2\/pages\/703","targetHints":{"allow":["GET"]}}],"collection":[{"href":"https:\/\/tsg-hagen.de\/index.php\/wp-json\/wp\/v2\/pages"}],"about":[{"href":"https:\/\/tsg-hagen.de\/index.php\/wp-json\/wp\/v2\/types\/page"}],"author":[{"embeddable":true,"href":"https:\/\/tsg-hagen.de\/index.php\/wp-json\/wp\/v2\/users\/1"}],"replies":[{"embeddable":true,"href":"https:\/\/tsg-hagen.de\/index.php\/wp-json\/wp\/v2\/comments?post=703"}],"version-history":[{"count":11,"href":"https:\/\/tsg-hagen.de\/index.php\/wp-json\/wp\/v2\/pages\/703\/revisions"}],"predecessor-version":[{"id":1462,"href":"https:\/\/tsg-hagen.de\/index.php\/wp-json\/wp\/v2\/pages\/703\/revisions\/1462"}],"wp:attachment":[{"href":"https:\/\/tsg-hagen.de\/index.php\/wp-json\/wp\/v2\/media?parent=703"}],"curies":[{"name":"wp","href":"https:\/\/api.w.org\/{rel}","templated":true}]}}