{"id":575,"date":"2022-04-02T21:39:32","date_gmt":"2022-04-02T19:39:32","guid":{"rendered":"http:\/\/neu.tsg-hagen.de\/?page_id=575"},"modified":"2026-02-27T11:25:24","modified_gmt":"2026-02-27T10:25:24","slug":"downloads","status":"publish","type":"page","link":"https:\/\/tsg-hagen.de\/index.php\/downloads\/","title":{"rendered":"Downloads"},"content":{"rendered":"\n<div class=\"wp-block-cover alignfull\" style=\"min-height:320px;aspect-ratio:unset;\"><span aria-hidden=\"true\" class=\"wp-block-cover__background has-nv-light-bg-background-color has-background-dim-100 has-background-dim\"><\/span><div class=\"wp-block-cover__inner-container is-layout-flow wp-block-cover-is-layout-flow\">\n<div class=\"wp-block-group\"><div class=\"wp-block-group__inner-container is-layout-flow wp-block-group-is-layout-flow\">\n<div class=\"wp-block-columns are-vertically-aligned-center is-layout-flex wp-container-core-columns-is-layout-9d6595d7 wp-block-columns-is-layout-flex\">\n<div class=\"wp-block-column is-vertically-aligned-center is-layout-flow wp-block-column-is-layout-flow\" style=\"flex-basis:85rem\">\n<h1 class=\"wp-block-heading has-text-align-left has-neve-text-color-color has-text-color\">Downloads<\/h1>\n\n\n\n<p class=\"has-neve-text-color-color has-text-color has-medium-font-size\">Hier findet ihr eine \u00dcbersicht aller wichtigen Downloads. Einge PDFs besitzen Formular Felder und k\u00f6nnen zum Beispiel mit dem&nbsp;<a rel=\"noreferrer noopener\" href=\"https:\/\/www.adobe.com\/de\/acrobat\/pdf-reader.html?mv=search&amp;sdid=X2PHHWM8&amp;ef_id=Cj0KCQjw6J-SBhCrARIsAH0yMZgZVEAWHV0d0x9omHkCW6v2O5eiUifN_TT0fY8itnkmm3-G5oYnW7IaAqHdEALw_wcB:G:s&amp;s_kwcid=AL!3085!3!536814845166!e!!g!!adobe%2520acrobat%2520reader!14038701815!123850609383&amp;gclid=Cj0KCQjw6J-SBhCrARIsAH0yMZgZVEAWHV0d0x9omHkCW6v2O5eiUifN_TT0fY8itnkmm3-G5oYnW7IaAqHdEALw_wcB\" target=\"_blank\">Adobe Acrobat Reader<\/a>&nbsp;direkt am PC ausgef\u00fcllt werden.<\/p>\n<\/div>\n\n\n\n<div class=\"wp-block-column is-vertically-aligned-center is-layout-flow wp-block-column-is-layout-flow\" style=\"flex-basis:30%\"><\/div>\n<\/div>\n<\/div><\/div>\n<\/div><\/div>\n\n\n\n<div class=\"wp-block-cover alignfull\" style=\"min-height:253px;aspect-ratio:unset;\"><span aria-hidden=\"true\" class=\"wp-block-cover__background has-nv-site-bg-background-color has-background-dim-100 has-background-dim\"><\/span><div class=\"wp-block-cover__inner-container is-layout-flow wp-block-cover-is-layout-flow\">\n<div class=\"wp-block-group\"><div class=\"wp-block-group__inner-container is-layout-flow wp-block-group-is-layout-flow\">\n<div style=\"height:18px\" aria-hidden=\"true\" class=\"wp-block-spacer\"><\/div>\n\n\n\n<h2 class=\"wp-block-heading has-neve-text-color-color has-text-color\" style=\"font-size:30px\">Aufnahmeformular<\/h2>\n\n\n\n<div class=\"wp-block-columns is-layout-flex wp-container-core-columns-is-layout-9d6595d7 wp-block-columns-is-layout-flex\">\n<div class=\"wp-block-column is-layout-flow wp-block-column-is-layout-flow\" style=\"flex-basis:33.33%\"><div class=\"wp-block-image\">\n<figure class=\"aligncenter size-full is-resized\"><img loading=\"lazy\" decoding=\"async\" width=\"512\" height=\"512\" src=\"https:\/\/tsg-hagen.de\/wp-content\/uploads\/2022\/04\/document.png\" alt=\"\" class=\"wp-image-584\" style=\"width:80px;height:80px\" srcset=\"https:\/\/tsg-hagen.de\/wp-content\/uploads\/2022\/04\/document.png 512w, https:\/\/tsg-hagen.de\/wp-content\/uploads\/2022\/04\/document-300x300.png 300w, https:\/\/tsg-hagen.de\/wp-content\/uploads\/2022\/04\/document-150x150.png 150w\" sizes=\"auto, (max-width: 512px) 100vw, 512px\" \/><\/figure>\n<\/div><\/div>\n\n\n\n<div class=\"wp-block-column is-layout-flow wp-block-column-is-layout-flow\" style=\"flex-basis:100%\">\n<p class=\"has-neve-text-color-color has-text-color\">Hier das aktuelle Aufnahmeformular, bitte dies einfach ausf\u00fcllen und beim Training oder Donnerstags im Vereinsheim abgeben. Dieses Formular kann auch mit dem Abobe Reader direkt am PC ausgef\u00fcllt werden.<\/p>\n\n\n\n<div class=\"wp-block-file\"><a id=\"wp-block-file--media-73787a7c-15e7-4853-953d-9a7fe997164f\" href=\"https:\/\/tsg-hagen.de\/wp-content\/uploads\/2026\/02\/Aufnahmeantrag_TSG-Hagen2020.pdf\" target=\"_blank\" rel=\"noreferrer noopener\">Aufnahmeantrag<\/a><a href=\"https:\/\/tsg-hagen.de\/wp-content\/uploads\/2026\/02\/Aufnahmeantrag_TSG-Hagen2020.pdf\" class=\"wp-block-file__button wp-element-button\" download aria-describedby=\"wp-block-file--media-73787a7c-15e7-4853-953d-9a7fe997164f\">Herunterladen<\/a><\/div>\n<\/div>\n<\/div>\n\n\n\n<div style=\"height:100px\" aria-hidden=\"true\" class=\"wp-block-spacer\"><\/div>\n\n\n\n<h2 class=\"wp-block-heading has-neve-text-color-color has-text-color\" style=\"font-size:30px\">Allgemeine Datenschutzerkl\u00e4rung der TSG Hagen<\/h2>\n\n\n\n<div class=\"wp-block-columns is-layout-flex wp-container-core-columns-is-layout-9d6595d7 wp-block-columns-is-layout-flex\">\n<div class=\"wp-block-column is-layout-flow wp-block-column-is-layout-flow\" style=\"flex-basis:33.33%\"><div class=\"wp-block-image\">\n<figure class=\"aligncenter size-full is-resized\"><img loading=\"lazy\" decoding=\"async\" width=\"512\" height=\"512\" src=\"https:\/\/tsg-hagen.de\/wp-content\/uploads\/2022\/04\/document.png\" alt=\"\" class=\"wp-image-584\" style=\"width:80px;height:80px\" srcset=\"https:\/\/tsg-hagen.de\/wp-content\/uploads\/2022\/04\/document.png 512w, https:\/\/tsg-hagen.de\/wp-content\/uploads\/2022\/04\/document-300x300.png 300w, https:\/\/tsg-hagen.de\/wp-content\/uploads\/2022\/04\/document-150x150.png 150w\" sizes=\"auto, (max-width: 512px) 100vw, 512px\" \/><\/figure>\n<\/div><\/div>\n\n\n\n<div class=\"wp-block-column is-layout-flow wp-block-column-is-layout-flow\" style=\"flex-basis:100%\">\n<p class=\"has-neve-text-color-color has-text-color\">Hier findet ihr unsere Datenschutzerkl\u00e4rung. Wenn es dazu Fragen gibt wendet euch einfach an den Vorstand.<\/p>\n\n\n\n<div class=\"wp-block-file\"><a id=\"wp-block-file--media-2052921d-ed1e-41f1-b04e-1fdbd5bcbb35\" href=\"https:\/\/tsg-hagen.de\/wp-content\/uploads\/2026\/02\/Allgemeine_Datenschutzerklaerung_TSG-Hagen.pdf\" target=\"_blank\" rel=\"noreferrer noopener\">Allgemeine Datenschutzerklaerung<\/a><a href=\"https:\/\/tsg-hagen.de\/wp-content\/uploads\/2026\/02\/Allgemeine_Datenschutzerklaerung_TSG-Hagen.pdf\" class=\"wp-block-file__button wp-element-button\" download aria-describedby=\"wp-block-file--media-2052921d-ed1e-41f1-b04e-1fdbd5bcbb35\">Herunterladen<\/a><\/div>\n<\/div>\n<\/div>\n\n\n\n<div style=\"height:100px\" aria-hidden=\"true\" class=\"wp-block-spacer\"><\/div>\n\n\n\n<h2 class=\"wp-block-heading has-neve-text-color-color has-text-color\" style=\"font-size:30px\">Vereinssatzung<\/h2>\n\n\n\n<div class=\"wp-block-columns is-layout-flex wp-container-core-columns-is-layout-9d6595d7 wp-block-columns-is-layout-flex\">\n<div class=\"wp-block-column is-layout-flow wp-block-column-is-layout-flow\" style=\"flex-basis:33.33%\"><div class=\"wp-block-image\">\n<figure class=\"aligncenter size-full is-resized\"><img loading=\"lazy\" decoding=\"async\" width=\"512\" height=\"512\" src=\"https:\/\/tsg-hagen.de\/wp-content\/uploads\/2022\/04\/document.png\" alt=\"\" class=\"wp-image-584\" style=\"width:80px;height:80px\" srcset=\"https:\/\/tsg-hagen.de\/wp-content\/uploads\/2022\/04\/document.png 512w, https:\/\/tsg-hagen.de\/wp-content\/uploads\/2022\/04\/document-300x300.png 300w, https:\/\/tsg-hagen.de\/wp-content\/uploads\/2022\/04\/document-150x150.png 150w\" sizes=\"auto, (max-width: 512px) 100vw, 512px\" \/><\/figure>\n<\/div><\/div>\n\n\n\n<div class=\"wp-block-column is-layout-flow wp-block-column-is-layout-flow\" style=\"flex-basis:100%\">\n<p class=\"has-neve-text-color-color has-text-color\">Hier die aktuelle Vereinssatzung zum herunterladen und nachlesen (letzte Satzungs\u00e4nderung 2010). <\/p>\n\n\n\n<div class=\"wp-block-file\"><a id=\"wp-block-file--media-9a0370cb-c519-439d-b0c5-94a21bdf9638\" href=\"https:\/\/tsg-hagen.de\/wp-content\/uploads\/2022\/04\/Satzung_2010.pdf\" target=\"_blank\" rel=\"noreferrer noopener\">Vereinssatzung<\/a><a href=\"https:\/\/tsg-hagen.de\/wp-content\/uploads\/2022\/04\/Satzung_2010.pdf\" class=\"wp-block-file__button wp-element-button\" download aria-describedby=\"wp-block-file--media-9a0370cb-c519-439d-b0c5-94a21bdf9638\">Herunterladen<\/a><\/div>\n<\/div>\n<\/div>\n\n\n\n<div style=\"height:100px\" aria-hidden=\"true\" class=\"wp-block-spacer\"><\/div>\n\n\n\n<h2 class=\"wp-block-heading has-neve-text-color-color has-text-color\" style=\"font-size:30px\">Beitragsordnung<\/h2>\n\n\n\n<div class=\"wp-block-columns is-layout-flex wp-container-core-columns-is-layout-9d6595d7 wp-block-columns-is-layout-flex\">\n<div class=\"wp-block-column is-layout-flow wp-block-column-is-layout-flow\" style=\"flex-basis:33.33%\"><div class=\"wp-block-image\">\n<figure class=\"aligncenter size-full is-resized\"><img loading=\"lazy\" decoding=\"async\" width=\"512\" height=\"512\" src=\"https:\/\/tsg-hagen.de\/wp-content\/uploads\/2022\/04\/document.png\" alt=\"\" class=\"wp-image-584\" style=\"width:80px;height:80px\" srcset=\"https:\/\/tsg-hagen.de\/wp-content\/uploads\/2022\/04\/document.png 512w, https:\/\/tsg-hagen.de\/wp-content\/uploads\/2022\/04\/document-300x300.png 300w, https:\/\/tsg-hagen.de\/wp-content\/uploads\/2022\/04\/document-150x150.png 150w\" sizes=\"auto, (max-width: 512px) 100vw, 512px\" \/><\/figure>\n<\/div><\/div>\n\n\n\n<div class=\"wp-block-column is-layout-flow wp-block-column-is-layout-flow\" style=\"flex-basis:100%\">\n<p class=\"has-neve-text-color-color has-text-color\">Hier findet ihr die Beitragsordnung der TSG Hagen und alle Beitragss\u00e4tze.<\/p>\n\n\n\n<div class=\"wp-block-file\"><a id=\"wp-block-file--media-191b8746-fe25-4aba-9357-0c0070a78b5e\" href=\"https:\/\/tsg-hagen.de\/wp-content\/uploads\/2026\/02\/Beitragsordnung_2022.pdf\" target=\"_blank\" rel=\"noreferrer noopener\">Beitragsordnung<\/a><a href=\"https:\/\/tsg-hagen.de\/wp-content\/uploads\/2026\/02\/Beitragsordnung_2022.pdf\" class=\"wp-block-file__button wp-element-button\" download aria-describedby=\"wp-block-file--media-191b8746-fe25-4aba-9357-0c0070a78b5e\">Herunterladen<\/a><\/div>\n<\/div>\n<\/div>\n\n\n\n<div style=\"height:100px\" aria-hidden=\"true\" class=\"wp-block-spacer\"><\/div>\n\n\n\n<h2 class=\"wp-block-heading has-neve-text-color-color has-text-color\" id=\"Gesundheitszustand\" style=\"font-size:30px\">Erkl\u00e4rung zum Gesundheitszustand<\/h2>\n\n\n\n<div class=\"wp-block-columns is-layout-flex wp-container-core-columns-is-layout-9d6595d7 wp-block-columns-is-layout-flex\">\n<div class=\"wp-block-column is-layout-flow wp-block-column-is-layout-flow\" style=\"flex-basis:33.33%\"><div class=\"wp-block-image\">\n<figure class=\"aligncenter size-full is-resized\"><img loading=\"lazy\" decoding=\"async\" width=\"512\" height=\"512\" src=\"https:\/\/tsg-hagen.de\/wp-content\/uploads\/2022\/04\/document.png\" alt=\"\" class=\"wp-image-584\" style=\"width:80px;height:80px\" srcset=\"https:\/\/tsg-hagen.de\/wp-content\/uploads\/2022\/04\/document.png 512w, https:\/\/tsg-hagen.de\/wp-content\/uploads\/2022\/04\/document-300x300.png 300w, https:\/\/tsg-hagen.de\/wp-content\/uploads\/2022\/04\/document-150x150.png 150w\" sizes=\"auto, (max-width: 512px) 100vw, 512px\" \/><\/figure>\n<\/div><\/div>\n\n\n\n<div class=\"wp-block-column is-layout-flow wp-block-column-is-layout-flow\" style=\"flex-basis:100%\">\n<p class=\"has-neve-text-color-color has-text-color\">Hier k\u00f6nnt ihr das Formular herunterladen, welches ihr zur Teilnahme am Schnuppertauchen im Westfalenbad ben\u00f6tigt.&nbsp;Dieses Formular kann auch mit dem Abobe Reader direkt am PC ausgef\u00fcllt werden.<\/p>\n\n\n\n<div class=\"wp-block-file\"><a id=\"wp-block-file--media-3d74d4c3-05d9-4413-8e8e-cff971e5a75b\" href=\"https:\/\/tsg-hagen.de\/wp-content\/uploads\/2026\/02\/Erklaerung_zum_Gesundheitszustand.pdf\" target=\"_blank\" rel=\"noreferrer noopener\">Erklaerung zum Gesundheitszustand<\/a><a href=\"https:\/\/tsg-hagen.de\/wp-content\/uploads\/2026\/02\/Erklaerung_zum_Gesundheitszustand.pdf\" class=\"wp-block-file__button wp-element-button\" download aria-describedby=\"wp-block-file--media-3d74d4c3-05d9-4413-8e8e-cff971e5a75b\">Herunterladen<\/a><\/div>\n<\/div>\n<\/div>\n\n\n\n<div style=\"height:100px\" aria-hidden=\"true\" class=\"wp-block-spacer\"><\/div>\n\n\n\n<h2 class=\"wp-block-heading has-neve-text-color-color has-text-color\" style=\"font-size:30px\">GT\u00dcM\/\u00d6GTH Untersuchungsbogen<\/h2>\n\n\n\n<div class=\"wp-block-columns is-layout-flex wp-container-core-columns-is-layout-9d6595d7 wp-block-columns-is-layout-flex\">\n<div class=\"wp-block-column is-layout-flow wp-block-column-is-layout-flow\" style=\"flex-basis:33.33%\"><div class=\"wp-block-image\">\n<figure class=\"aligncenter size-full is-resized\"><img loading=\"lazy\" decoding=\"async\" width=\"512\" height=\"512\" src=\"https:\/\/tsg-hagen.de\/wp-content\/uploads\/2022\/04\/document.png\" alt=\"\" class=\"wp-image-584\" style=\"width:80px;height:80px\" srcset=\"https:\/\/tsg-hagen.de\/wp-content\/uploads\/2022\/04\/document.png 512w, https:\/\/tsg-hagen.de\/wp-content\/uploads\/2022\/04\/document-300x300.png 300w, https:\/\/tsg-hagen.de\/wp-content\/uploads\/2022\/04\/document-150x150.png 150w\" sizes=\"auto, (max-width: 512px) 100vw, 512px\" \/><\/figure>\n<\/div><\/div>\n\n\n\n<div class=\"wp-block-column is-layout-flow wp-block-column-is-layout-flow\" style=\"flex-basis:100%\">\n<p class=\"has-neve-text-color-color has-text-color\">Hier k\u00f6nnt ihr das Formular, das ihr f\u00fcr die Tauchsportliche Untersuchung ben\u00f6tigt als PDF-Datei herunterladen.<\/p>\n\n\n\n<div class=\"wp-block-file\"><a id=\"wp-block-file--media-5aa6c13b-2e3b-4447-8397-c96b80c81e5d\" href=\"https:\/\/tsg-hagen.de\/wp-content\/uploads\/2022\/04\/VDST-TTU_Tauglichkeitsuntersuchung.pdf\" target=\"_blank\" rel=\"noreferrer noopener\">Tauglichkeitsuntersuchung<\/a><a href=\"https:\/\/tsg-hagen.de\/wp-content\/uploads\/2022\/04\/VDST-TTU_Tauglichkeitsuntersuchung.pdf\" class=\"wp-block-file__button wp-element-button\" download aria-describedby=\"wp-block-file--media-5aa6c13b-2e3b-4447-8397-c96b80c81e5d\">Herunterladen<\/a><\/div>\n<\/div>\n<\/div>\n\n\n\n<div style=\"height:100px\" aria-hidden=\"true\" class=\"wp-block-spacer\"><\/div>\n<\/div><\/div>\n<\/div><\/div>\n\n\n\n<p><\/p>\n","protected":false},"excerpt":{"rendered":"","protected":false},"author":1,"featured_media":233,"parent":0,"menu_order":0,"comment_status":"closed","ping_status":"closed","template":"","meta":{"neve_meta_sidebar":"","neve_meta_container":"","neve_meta_enable_content_width":"on","neve_meta_content_width":100,"neve_meta_title_alignment":"","neve_meta_author_avatar":"","neve_post_elements_order":"","neve_meta_disable_header":"","neve_meta_disable_footer":"","neve_meta_disable_title":"on","footnotes":""},"class_list":["post-575","page","type-page","status-publish","has-post-thumbnail","hentry"],"_links":{"self":[{"href":"https:\/\/tsg-hagen.de\/index.php\/wp-json\/wp\/v2\/pages\/575","targetHints":{"allow":["GET"]}}],"collection":[{"href":"https:\/\/tsg-hagen.de\/index.php\/wp-json\/wp\/v2\/pages"}],"about":[{"href":"https:\/\/tsg-hagen.de\/index.php\/wp-json\/wp\/v2\/types\/page"}],"author":[{"embeddable":true,"href":"https:\/\/tsg-hagen.de\/index.php\/wp-json\/wp\/v2\/users\/1"}],"replies":[{"embeddable":true,"href":"https:\/\/tsg-hagen.de\/index.php\/wp-json\/wp\/v2\/comments?post=575"}],"version-history":[{"count":63,"href":"https:\/\/tsg-hagen.de\/index.php\/wp-json\/wp\/v2\/pages\/575\/revisions"}],"predecessor-version":[{"id":1560,"href":"https:\/\/tsg-hagen.de\/index.php\/wp-json\/wp\/v2\/pages\/575\/revisions\/1560"}],"wp:featuredmedia":[{"embeddable":true,"href":"https:\/\/tsg-hagen.de\/index.php\/wp-json\/wp\/v2\/media\/233"}],"wp:attachment":[{"href":"https:\/\/tsg-hagen.de\/index.php\/wp-json\/wp\/v2\/media?parent=575"}],"curies":[{"name":"wp","href":"https:\/\/api.w.org\/{rel}","templated":true}]}}