{"id":372,"date":"2022-03-27T09:29:43","date_gmt":"2022-03-27T07:29:43","guid":{"rendered":"http:\/\/neu.tsg-hagen.de\/?page_id=372"},"modified":"2026-02-17T21:15:52","modified_gmt":"2026-02-17T20:15:52","slug":"vereinsheim","status":"publish","type":"page","link":"https:\/\/tsg-hagen.de\/index.php\/vereinsheim\/","title":{"rendered":"Vereinsheim"},"content":{"rendered":"\n<div class=\"wp-block-cover alignfull\" style=\"min-height:600px;aspect-ratio:unset;\"><span aria-hidden=\"true\" class=\"wp-block-cover__background has-nv-light-bg-background-color has-background-dim-100 has-background-dim\"><\/span><div class=\"wp-block-cover__inner-container is-layout-flow wp-block-cover-is-layout-flow\">\n<div class=\"wp-block-group\"><div class=\"wp-block-group__inner-container is-layout-flow wp-block-group-is-layout-flow\">\n<div style=\"height:80px\" aria-hidden=\"true\" class=\"wp-block-spacer\"><\/div>\n\n\n\n<div class=\"wp-block-columns are-vertically-aligned-center is-layout-flex wp-container-core-columns-is-layout-9d6595d7 wp-block-columns-is-layout-flex\">\n<div class=\"wp-block-column is-vertically-aligned-center is-layout-flow wp-block-column-is-layout-flow\" style=\"flex-basis:50%\">\n<figure class=\"wp-block-image size-full size-large\"><img loading=\"lazy\" decoding=\"async\" width=\"700\" height=\"525\" src=\"https:\/\/tsg-hagen.de\/wp-content\/uploads\/2022\/03\/vereinsheim1.jpg\" alt=\"\" class=\"wp-image-383\" srcset=\"https:\/\/tsg-hagen.de\/wp-content\/uploads\/2022\/03\/vereinsheim1.jpg 700w, https:\/\/tsg-hagen.de\/wp-content\/uploads\/2022\/03\/vereinsheim1-300x225.jpg 300w\" sizes=\"auto, (max-width: 700px) 100vw, 700px\" \/><figcaption class=\"wp-element-caption\">App5c Zoran<\/figcaption><\/figure>\n<\/div>\n\n\n\n<div class=\"wp-block-column is-vertically-aligned-center is-layout-flow wp-block-column-is-layout-flow\" style=\"flex-basis:50%\">\n<h1 class=\"wp-block-heading has-neve-text-color-color has-text-color\">Unser Vereinsheim<\/h1>\n\n\n\n<p class=\"has-neve-text-color-color has-text-color\">Unser Vereinsheim befindet sich in der alten Feuerwehrwache Haspe, die als Haus der Hasper Geschichte und Vereine im Besitz der Dieter-Kl\u00f6ckner-Stiftung ist. Die TSG Hagen ist dort Mieter, zusammen mit vielen Mitgliedern haben wir die alte Feuerwehr Sporthalle und die angrenzenden R\u00e4ume von Grund auf renoviert. So dass dort mitlerweile ein wohnliches Vereinsheim entstanden ist.<\/p>\n<\/div>\n<\/div>\n\n\n\n<div style=\"height:10px\" aria-hidden=\"true\" class=\"wp-block-spacer\"><\/div>\n<\/div><\/div>\n<\/div><\/div>\n\n\n\n<div class=\"wp-block-cover alignfull\" style=\"min-height:823px;aspect-ratio:unset;\"><span aria-hidden=\"true\" class=\"wp-block-cover__background has-nv-site-bg-background-color has-background-dim-100 has-background-dim\"><\/span><div class=\"wp-block-cover__inner-container is-layout-flow wp-block-cover-is-layout-flow\">\n<div class=\"wp-block-group\"><div class=\"wp-block-group__inner-container is-layout-flow wp-block-group-is-layout-flow\">\n<div style=\"height:15px\" aria-hidden=\"true\" class=\"wp-block-spacer\"><\/div>\n\n\n\n<div class=\"wp-block-columns are-vertically-aligned-center is-layout-flex wp-container-core-columns-is-layout-9d6595d7 wp-block-columns-is-layout-flex\">\n<div class=\"wp-block-column is-vertically-aligned-center is-layout-flow wp-block-column-is-layout-flow\" style=\"flex-basis:50%\">\n<h2 class=\"wp-block-heading has-neve-text-color-color has-text-color\">Kompressor-Raum<\/h2>\n\n\n\n<p class=\"has-neve-text-color-color has-text-color\">Im Vereinsheim haben wir w\u00e4hrend der Renovierung einen Kompressor-Raum eingerichtet. Dort besteht f\u00fcr jedes Mitglied die M\u00f6glichkeit die eigenen Flaschen kostenlos durch unser F\u00fcllteam auff\u00fcllen zu lassen.<\/p>\n\n\n\n<p class=\"has-neve-text-color-color has-text-color\">Zus\u00e4tzlich zu normaler Druckluft besteht auch die M\u00f6glichkeit Nitrox zu nutzen. Hierbei handelt es sich im Prinzip um normale Pressluft, welche mit Sauerstoff angereichert wird. Dieses Gasgemisch erm\u00f6glicht l\u00e4ngere Tauchg\u00e4nge, jedoch in einer geringeren Tiefe. Ein weiterer angenehmer Nebeneffekt ist hierbei auch eine viel geringere M\u00fcdigkeit nach dem Tauchen wie wir sie von der Druckluft her kennen. Die Nutzung von Nitrox ist ebenfalls kostenlos, jedoch werden hierzu spezielle Flaschen und Atemregler ben\u00f6tigt, au\u00dferdem ist eine entsprechende Ausbildung notwendig.<\/p>\n\n\n\n<p class=\"has-neve-text-color-color has-text-color\">Das Flaschenf\u00fcllen findet jeden Dienstag von 19:00 bis 20:30 statt. Hier besteht auch die M\u00f6glichkeit f\u00fcr Interessierte uns n\u00e4her kennen zu lernen<\/p>\n<\/div>\n\n\n\n<div class=\"wp-block-column is-vertically-aligned-center is-layout-flow wp-block-column-is-layout-flow\" style=\"flex-basis:50%\">\n<figure class=\"wp-block-image size-full\"><img loading=\"lazy\" decoding=\"async\" width=\"647\" height=\"486\" src=\"https:\/\/tsg-hagen.de\/wp-content\/uploads\/2022\/03\/vereinsheim2-1.png\" alt=\"\" class=\"wp-image-209\" srcset=\"https:\/\/tsg-hagen.de\/wp-content\/uploads\/2022\/03\/vereinsheim2-1.png 647w, https:\/\/tsg-hagen.de\/wp-content\/uploads\/2022\/03\/vereinsheim2-1-300x225.png 300w\" sizes=\"auto, (max-width: 647px) 100vw, 647px\" \/><\/figure>\n<\/div>\n<\/div>\n\n\n\n<div style=\"height:0px\" aria-hidden=\"true\" class=\"wp-block-spacer\"><\/div>\n<\/div><\/div>\n<\/div><\/div>\n\n\n\n<div class=\"wp-block-cover alignfull\" style=\"min-height:600px;aspect-ratio:unset;\"><span aria-hidden=\"true\" class=\"wp-block-cover__background has-nv-light-bg-background-color has-background-dim-100 has-background-dim\"><\/span><div class=\"wp-block-cover__inner-container is-layout-flow wp-block-cover-is-layout-flow\">\n<div class=\"wp-block-group has-neve-text-color-color has-text-color\"><div class=\"wp-block-group__inner-container is-layout-flow wp-block-group-is-layout-flow\">\n<div style=\"height:80px\" aria-hidden=\"true\" class=\"wp-block-spacer\"><\/div>\n\n\n\n<div class=\"wp-block-columns are-vertically-aligned-center is-layout-flex wp-container-core-columns-is-layout-9d6595d7 wp-block-columns-is-layout-flex\">\n<div class=\"wp-block-column is-vertically-aligned-center is-layout-flow wp-block-column-is-layout-flow\" style=\"flex-basis:50%\">\n<figure class=\"wp-block-image size-large\"><img loading=\"lazy\" decoding=\"async\" width=\"936\" height=\"1024\" src=\"https:\/\/tsg-hagen.de\/wp-content\/uploads\/2026\/02\/IMG_08951-936x1024.jpg\" alt=\"\" class=\"wp-image-1450\" srcset=\"https:\/\/tsg-hagen.de\/wp-content\/uploads\/2026\/02\/IMG_08951-936x1024.jpg 936w, https:\/\/tsg-hagen.de\/wp-content\/uploads\/2026\/02\/IMG_08951-274x300.jpg 274w, https:\/\/tsg-hagen.de\/wp-content\/uploads\/2026\/02\/IMG_08951-768x840.jpg 768w, https:\/\/tsg-hagen.de\/wp-content\/uploads\/2026\/02\/IMG_08951-1404x1536.jpg 1404w, https:\/\/tsg-hagen.de\/wp-content\/uploads\/2026\/02\/IMG_08951-1872x2048.jpg 1872w\" sizes=\"auto, (max-width: 936px) 100vw, 936px\" \/><\/figure>\n<\/div>\n\n\n\n<div class=\"wp-block-column is-vertically-aligned-center is-layout-flow wp-block-column-is-layout-flow\" style=\"flex-basis:50%\">\n<h2 class=\"wp-block-heading has-nv-dark-bg-color has-text-color\">Leihausr\u00fcstung<\/h2>\n\n\n\n<p class=\"has-neve-text-color-color has-text-color\">In unserem Vereinsheim haben wir auch einige Ausr\u00fcstungsgegenst\u00e4nde (Flaschen, Atemregler, Blei, Jackets&#8230;) vorr\u00e4tig, welche bei Bedarf ebenfalls kostenlos entliehen werden k\u00f6nnen.  Diese M\u00f6glichkeit wird von unseren Mitgliedern gerne genutzt, wenn das eigene Equipment aktuell repariert wird oder man gerade seine Ausbildung beginnt. Somit muss man sich zu Beginn nicht die komplette Ausr\u00fcstung anschaffen.<\/p>\n<\/div>\n<\/div>\n\n\n\n<div style=\"height:40px\" aria-hidden=\"true\" class=\"wp-block-spacer\"><\/div>\n<\/div><\/div>\n<\/div><\/div>\n\n\n\n<div class=\"wp-block-cover alignfull\" style=\"min-height:757px;aspect-ratio:unset;\"><span aria-hidden=\"true\" class=\"wp-block-cover__background has-nv-site-bg-background-color has-background-dim-100 has-background-dim\"><\/span><div class=\"wp-block-cover__inner-container is-layout-flow wp-block-cover-is-layout-flow\">\n<div class=\"wp-block-group\"><div class=\"wp-block-group__inner-container is-layout-flow wp-block-group-is-layout-flow\">\n<div style=\"height:80px\" aria-hidden=\"true\" class=\"wp-block-spacer\"><\/div>\n\n\n\n<div class=\"wp-block-columns are-vertically-aligned-center is-layout-flex wp-container-core-columns-is-layout-9d6595d7 wp-block-columns-is-layout-flex\">\n<div class=\"wp-block-column is-vertically-aligned-center is-layout-flow wp-block-column-is-layout-flow\" style=\"flex-basis:50%\">\n<h2 class=\"wp-block-heading has-neve-text-color-color has-text-color\">Aktivit\u00e4ten im Vereinsheim<\/h2>\n\n\n\n<p class=\"has-neve-text-color-color has-text-color\">Neben der M\u00f6glichkeit Flaschen zu f\u00fcllen und Ausr\u00fcstung zu leihen nutzen wir das Vereinsheim auch f\u00fcr andere Aktivit\u00e4ten. So findet der gesamte Theorieunterricht f\u00fcr die Tauchausbildung dort statt.<\/p>\n\n\n\n<p class=\"has-neve-text-color-color has-text-color\">Neben dem Kompressorraum besitzt unser Vereinsheim eine K\u00fcche und nat\u00fcrlich einen gro\u00dfen Aufenthaltraum und sogar eine eigene Terasse an der Ennepe. Auf dieser grillen wir im Sommer \u00f6fters gemeinsam und planen die n\u00e4chsten Tauchg\u00e4nge. Auch andere Veranstaltungen wie unsere Weihnachtsfeier oder unser Oktoberfest finden hier statt.<\/p>\n\n\n\n<p class=\"has-neve-text-color-color has-text-color\">F\u00fcr Vereinsmitglieder besteht des weiteren auch die M\u00f6glichkeit das Vereinsheim f\u00fcr private Feiern zu mieten. Sprecht hierzu am besten einfach den Vorstand an.<\/p>\n\n\n\n<div style=\"height:20px\" aria-hidden=\"true\" class=\"wp-block-spacer\"><\/div>\n\n\n\n<div style=\"height:20px\" aria-hidden=\"true\" class=\"wp-block-spacer\"><\/div>\n<\/div>\n\n\n\n<div class=\"wp-block-column is-vertically-aligned-center is-layout-flow wp-block-column-is-layout-flow\" style=\"flex-basis:50%\">\n<figure class=\"wp-block-image size-large\"><img loading=\"lazy\" decoding=\"async\" width=\"1024\" height=\"576\" src=\"https:\/\/tsg-hagen.de\/wp-content\/uploads\/2026\/02\/5f7e6bd9-b41a-45de-a307-3453703d6d26-1024x576.jpg\" alt=\"\" class=\"wp-image-1451\" srcset=\"https:\/\/tsg-hagen.de\/wp-content\/uploads\/2026\/02\/5f7e6bd9-b41a-45de-a307-3453703d6d26-1024x576.jpg 1024w, https:\/\/tsg-hagen.de\/wp-content\/uploads\/2026\/02\/5f7e6bd9-b41a-45de-a307-3453703d6d26-300x169.jpg 300w, https:\/\/tsg-hagen.de\/wp-content\/uploads\/2026\/02\/5f7e6bd9-b41a-45de-a307-3453703d6d26-768x432.jpg 768w, https:\/\/tsg-hagen.de\/wp-content\/uploads\/2026\/02\/5f7e6bd9-b41a-45de-a307-3453703d6d26-1536x864.jpg 1536w, https:\/\/tsg-hagen.de\/wp-content\/uploads\/2026\/02\/5f7e6bd9-b41a-45de-a307-3453703d6d26.jpg 1600w\" sizes=\"auto, (max-width: 1024px) 100vw, 1024px\" \/><\/figure>\n<\/div>\n<\/div>\n<\/div><\/div>\n<\/div><\/div>\n\n\n\n<div class=\"wp-block-cover alignfull\" style=\"min-height:600px;aspect-ratio:unset;\"><span aria-hidden=\"true\" class=\"wp-block-cover__background has-nv-dark-bg-background-color has-background-dim-100 has-background-dim\"><\/span><div class=\"wp-block-cover__inner-container is-layout-flow wp-block-cover-is-layout-flow\">\n<div class=\"wp-block-group\"><div class=\"wp-block-group__inner-container is-layout-flow wp-block-group-is-layout-flow\">\n<div style=\"height:80px\" aria-hidden=\"true\" class=\"wp-block-spacer\"><\/div>\n\n\n\n<div class=\"wp-block-columns are-vertically-aligned-center is-layout-flex wp-container-core-columns-is-layout-9d6595d7 wp-block-columns-is-layout-flex\">\n<div class=\"wp-block-column is-vertically-aligned-center is-layout-flow wp-block-column-is-layout-flow\" style=\"flex-basis:50%\">\n<iframe src=\"https:\/\/www.google.com\/maps\/embed?pb=!1m18!1m12!1m3!1d2492.205699431848!2d7.4081228516797735!3d51.34412803034816!2m3!1f0!2f0!3f0!3m2!1i1024!2i768!4f13.1!3m3!1m2!1s0x47b924b7d6159071%3A0xc78c8b78b6a55c69!2sTauchsportgemeinschaft%20Hagen%20e.V.!5e0!3m2!1sde!2sde!4v1648366101997!5m2!1sde!2sde\" width=\"600\" height=\"450\" style=\"border:0;\" allowfullscreen=\"\" loading=\"lazy\" referrerpolicy=\"no-referrer-when-downgrade\"><\/iframe>\n<\/div>\n\n\n\n<div class=\"wp-block-column is-vertically-aligned-center is-layout-flow wp-block-column-is-layout-flow\" style=\"flex-basis:50%\">\n<div style=\"height:50px\" aria-hidden=\"true\" class=\"wp-block-spacer\"><\/div>\n\n\n\n<h2 class=\"wp-block-heading has-nv-site-bg-color has-text-color\">Hier findest du uns<\/h2>\n\n\n\n<p class=\"has-nv-site-bg-color has-text-color\"><strong>Adresse:<\/strong><br>Alte Feuerwehrwache Haspe<br>Enneperstr. 4<br>58135 Hagen<\/p>\n\n\n\n<p class=\"has-nv-site-bg-color has-text-color\"><strong>\u00d6ffnungszeiten: <\/strong><br>Dienstags 19:00 &#8211; 20:30<\/p>\n<\/div>\n<\/div>\n<\/div><\/div>\n<\/div><\/div>\n","protected":false},"excerpt":{"rendered":"","protected":false},"author":1,"featured_media":209,"parent":0,"menu_order":0,"comment_status":"closed","ping_status":"closed","template":"","meta":{"neve_meta_sidebar":"","neve_meta_container":"","neve_meta_enable_content_width":"on","neve_meta_content_width":100,"neve_meta_title_alignment":"","neve_meta_author_avatar":"","neve_post_elements_order":"","neve_meta_disable_header":"","neve_meta_disable_footer":"","neve_meta_disable_title":"on","footnotes":""},"class_list":["post-372","page","type-page","status-publish","has-post-thumbnail","hentry"],"_links":{"self":[{"href":"https:\/\/tsg-hagen.de\/index.php\/wp-json\/wp\/v2\/pages\/372","targetHints":{"allow":["GET"]}}],"collection":[{"href":"https:\/\/tsg-hagen.de\/index.php\/wp-json\/wp\/v2\/pages"}],"about":[{"href":"https:\/\/tsg-hagen.de\/index.php\/wp-json\/wp\/v2\/types\/page"}],"author":[{"embeddable":true,"href":"https:\/\/tsg-hagen.de\/index.php\/wp-json\/wp\/v2\/users\/1"}],"replies":[{"embeddable":true,"href":"https:\/\/tsg-hagen.de\/index.php\/wp-json\/wp\/v2\/comments?post=372"}],"version-history":[{"count":35,"href":"https:\/\/tsg-hagen.de\/index.php\/wp-json\/wp\/v2\/pages\/372\/revisions"}],"predecessor-version":[{"id":1452,"href":"https:\/\/tsg-hagen.de\/index.php\/wp-json\/wp\/v2\/pages\/372\/revisions\/1452"}],"wp:featuredmedia":[{"embeddable":true,"href":"https:\/\/tsg-hagen.de\/index.php\/wp-json\/wp\/v2\/media\/209"}],"wp:attachment":[{"href":"https:\/\/tsg-hagen.de\/index.php\/wp-json\/wp\/v2\/media?parent=372"}],"curies":[{"name":"wp","href":"https:\/\/api.w.org\/{rel}","templated":true}]}}