{"id":16,"date":"2022-03-23T17:35:04","date_gmt":"2022-03-23T16:35:04","guid":{"rendered":"http:\/\/192.168.64.3\/?page_id=16"},"modified":"2026-02-17T20:55:53","modified_gmt":"2026-02-17T19:55:53","slug":"verein","status":"publish","type":"page","link":"https:\/\/tsg-hagen.de\/index.php\/verein\/","title":{"rendered":"Verein"},"content":{"rendered":"\n<div class=\"wp-block-cover alignfull\" style=\"min-height:600px;aspect-ratio:unset;\"><span aria-hidden=\"true\" class=\"wp-block-cover__background has-nv-light-bg-background-color has-background-dim-100 has-background-dim\"><\/span><div class=\"wp-block-cover__inner-container is-layout-flow wp-block-cover-is-layout-flow\">\n<div class=\"wp-block-group\"><div class=\"wp-block-group__inner-container is-layout-flow wp-block-group-is-layout-flow\">\n<div style=\"height:80px\" aria-hidden=\"true\" class=\"wp-block-spacer\"><\/div>\n\n\n\n<div class=\"wp-block-columns are-vertically-aligned-center is-layout-flex wp-container-core-columns-is-layout-9d6595d7 wp-block-columns-is-layout-flex\">\n<div class=\"wp-block-column is-vertically-aligned-center is-layout-flow wp-block-column-is-layout-flow\" style=\"flex-basis:50%\">\n<figure class=\"wp-block-image size-large\"><img loading=\"lazy\" decoding=\"async\" width=\"1473\" height=\"1105\" src=\"https:\/\/tsg-hagen.de\/wp-content\/uploads\/2026\/02\/IMG_6205-edited.jpeg\" alt=\"\" class=\"wp-image-1435\" srcset=\"https:\/\/tsg-hagen.de\/wp-content\/uploads\/2026\/02\/IMG_6205-edited.jpeg 1473w, https:\/\/tsg-hagen.de\/wp-content\/uploads\/2026\/02\/IMG_6205-edited-300x225.jpeg 300w, https:\/\/tsg-hagen.de\/wp-content\/uploads\/2026\/02\/IMG_6205-edited-1024x768.jpeg 1024w, https:\/\/tsg-hagen.de\/wp-content\/uploads\/2026\/02\/IMG_6205-edited-768x576.jpeg 768w\" sizes=\"auto, (max-width: 1473px) 100vw, 1473px\" \/><\/figure>\n<\/div>\n\n\n\n<div class=\"wp-block-column is-vertically-aligned-center is-layout-flow wp-block-column-is-layout-flow\" style=\"flex-basis:50%\">\n<h1 class=\"wp-block-heading has-neve-text-color-color has-text-color\">Unser Verein<\/h1>\n\n\n\n<p class=\"has-neve-text-color-color has-text-color has-medium-font-size\">Die Tauchsportgemeinschaft Hagen e.V. wurde 1967 gegr\u00fcndet und besteht bald 60 Jahren.<\/p>\n\n\n\n<p class=\"has-neve-text-color-color has-text-color\">Unser Verein hat aktuell ca. 60 Mitglieder und ist somit ein gro\u00dfer Tauchverein in Hagen.<br>Wir sind immer offen f\u00fcr Leute, die das Tauchen erlernen wollen, oder f\u00fcr diejenigen, die bereits Tauchen k\u00f6nnen und sich gern einem Verein anschlie\u00dfen m\u00f6chten.<\/p>\n<\/div>\n<\/div>\n\n\n\n<div style=\"height:40px\" aria-hidden=\"true\" class=\"wp-block-spacer\"><\/div>\n<\/div><\/div>\n<\/div><\/div>\n\n\n\n<div class=\"wp-block-cover alignfull\" style=\"min-height:823px;aspect-ratio:unset;\"><span aria-hidden=\"true\" class=\"wp-block-cover__background has-nv-site-bg-background-color has-background-dim-100 has-background-dim\"><\/span><div class=\"wp-block-cover__inner-container is-layout-flow wp-block-cover-is-layout-flow\">\n<div class=\"wp-block-group\"><div class=\"wp-block-group__inner-container is-layout-flow wp-block-group-is-layout-flow\">\n<div style=\"height:80px\" aria-hidden=\"true\" class=\"wp-block-spacer\"><\/div>\n\n\n\n<div class=\"wp-block-columns are-vertically-aligned-center is-layout-flex wp-container-core-columns-is-layout-9d6595d7 wp-block-columns-is-layout-flex\">\n<div class=\"wp-block-column is-vertically-aligned-center is-layout-flow wp-block-column-is-layout-flow\" style=\"flex-basis:50%\">\n<h2 class=\"wp-block-heading has-neve-text-color-color has-text-color\">Unser Vereinsleben<\/h2>\n\n\n\n<p class=\"has-neve-text-color-color has-text-color\">Unser Vereinsleben ist lebendig, lustig und lehrreich. So veranstalten wir jedes Jahr eine Vereinsfahrt ans Grevelinger Meer in den Niederlanden.<\/p>\n\n\n\n<p class=\"has-neve-text-color-color has-text-color\">Au\u00dferdem finden weitere Tagesausfl\u00fcge und Fahrten \u00fcber das Jahr verteilt statt. Unsere Ziele waren bisher unter anderem Hemmoor in Norddeutschland oder zu verschiedenen Seen in der Umgebung.<\/p>\n\n\n\n<p class=\"has-neve-text-color-color has-text-color\">Neben diesen Aktivit\u00e4ten finden \u00fcber das Jahr verteilt diverse Feiern wie Weihnachtsfeiern statt.<\/p>\n\n\n\n<p class=\"has-neve-text-color-color has-text-color\">Da wir auch Mitglied im Hasper Heimat und Brauchtumsverein sind, beteiligen wir uns auch an der Hasper Kirmes,  indem wir dort einen Bierwagen betreiben. Auch findet jedes Jahr zusammen mit anderen Hasper Vereinen ein Hoffest an unserem Vereinsheim statt.<\/p>\n<\/div>\n\n\n\n<div class=\"wp-block-column is-vertically-aligned-center is-layout-flow wp-block-column-is-layout-flow\" style=\"flex-basis:50%\">\n<figure class=\"wp-block-image size-large\"><img loading=\"lazy\" decoding=\"async\" width=\"1134\" height=\"1512\" src=\"https:\/\/tsg-hagen.de\/wp-content\/uploads\/2026\/02\/010baf4a-4b2d-4107-a416-638e296cedb3-edited-1.jpg\" alt=\"\" class=\"wp-image-1440\" srcset=\"https:\/\/tsg-hagen.de\/wp-content\/uploads\/2026\/02\/010baf4a-4b2d-4107-a416-638e296cedb3-edited-1.jpg 1134w, https:\/\/tsg-hagen.de\/wp-content\/uploads\/2026\/02\/010baf4a-4b2d-4107-a416-638e296cedb3-edited-1-225x300.jpg 225w, https:\/\/tsg-hagen.de\/wp-content\/uploads\/2026\/02\/010baf4a-4b2d-4107-a416-638e296cedb3-edited-1-768x1024.jpg 768w\" sizes=\"auto, (max-width: 1134px) 100vw, 1134px\" \/><\/figure>\n<\/div>\n<\/div>\n\n\n\n<div style=\"height:10px\" aria-hidden=\"true\" class=\"wp-block-spacer\"><\/div>\n<\/div><\/div>\n<\/div><\/div>\n\n\n\n<div class=\"wp-block-cover alignfull\" style=\"min-height:600px;aspect-ratio:unset;\"><span aria-hidden=\"true\" class=\"wp-block-cover__background has-nv-dark-bg-background-color has-background-dim-100 has-background-dim\"><\/span><div class=\"wp-block-cover__inner-container is-layout-flow wp-block-cover-is-layout-flow\">\n<div class=\"wp-block-group\"><div class=\"wp-block-group__inner-container is-layout-flow wp-block-group-is-layout-flow\">\n<div style=\"height:80px\" aria-hidden=\"true\" class=\"wp-block-spacer\"><\/div>\n\n\n\n<div class=\"wp-block-columns are-vertically-aligned-center is-layout-flex wp-container-core-columns-is-layout-9d6595d7 wp-block-columns-is-layout-flex\">\n<div class=\"wp-block-column is-vertically-aligned-center is-layout-flow wp-block-column-is-layout-flow\" style=\"flex-basis:50%\">\n<figure class=\"wp-block-image size-large\"><img loading=\"lazy\" decoding=\"async\" width=\"768\" height=\"1024\" src=\"https:\/\/tsg-hagen.de\/wp-content\/uploads\/2026\/02\/ed4bf7c3-bc6b-452f-879e-64d170bb8761-768x1024.jpg\" alt=\"\" class=\"wp-image-1441\" srcset=\"https:\/\/tsg-hagen.de\/wp-content\/uploads\/2026\/02\/ed4bf7c3-bc6b-452f-879e-64d170bb8761-768x1024.jpg 768w, https:\/\/tsg-hagen.de\/wp-content\/uploads\/2026\/02\/ed4bf7c3-bc6b-452f-879e-64d170bb8761-225x300.jpg 225w, https:\/\/tsg-hagen.de\/wp-content\/uploads\/2026\/02\/ed4bf7c3-bc6b-452f-879e-64d170bb8761-1152x1536.jpg 1152w, https:\/\/tsg-hagen.de\/wp-content\/uploads\/2026\/02\/ed4bf7c3-bc6b-452f-879e-64d170bb8761.jpg 1200w\" sizes=\"auto, (max-width: 768px) 100vw, 768px\" \/><\/figure>\n<\/div>\n\n\n\n<div class=\"wp-block-column is-vertically-aligned-center is-layout-flow wp-block-column-is-layout-flow\" style=\"flex-basis:50%\">\n<h2 class=\"wp-block-heading has-nv-site-bg-color has-text-color\">Unsere Ausbildung<\/h2>\n\n\n\n<p class=\"has-nv-site-bg-color has-text-color\">Aktive \u00dcbungsleiter, sowie Tauchlehrer erm\u00f6glichen eine gr\u00fcndliche Tauchausbildung  und gew\u00e4hrleisten stets eine sichere Aus\u00fcbung unseres Sports. <\/p>\n\n\n\n<p class=\"has-nv-text-dark-bg-color has-text-color\">Hierbei orientieren wir uns als Mitglied im Verband deutscher Sporttaucher an internationalen Standards. <\/p>\n\n\n\n<div class=\"wp-block-buttons is-layout-flex wp-block-buttons-is-layout-flex\">\n<div class=\"wp-block-button is-style-primary\"><a class=\"wp-block-button__link wp-element-button\" href=\"https:\/\/tsg-hagen.de\/index.php\/ausbildung\/\">Mehr zur Ausbildung<\/a><\/div>\n<\/div>\n<\/div>\n<\/div>\n\n\n\n<div style=\"height:40px\" aria-hidden=\"true\" class=\"wp-block-spacer\"><\/div>\n<\/div><\/div>\n<\/div><\/div>\n\n\n\n<div class=\"wp-block-cover alignfull\" style=\"min-height:713px;aspect-ratio:unset;\"><span aria-hidden=\"true\" class=\"wp-block-cover__background has-nv-site-bg-background-color has-background-dim-100 has-background-dim\"><\/span><div class=\"wp-block-cover__inner-container is-layout-flow wp-block-cover-is-layout-flow\">\n<div class=\"wp-block-group\"><div class=\"wp-block-group__inner-container is-layout-flow wp-block-group-is-layout-flow\">\n<div style=\"height:80px\" aria-hidden=\"true\" class=\"wp-block-spacer\"><\/div>\n\n\n\n<div class=\"wp-block-columns are-vertically-aligned-center is-layout-flex wp-container-core-columns-is-layout-9d6595d7 wp-block-columns-is-layout-flex\">\n<div class=\"wp-block-column is-vertically-aligned-center is-layout-flow wp-block-column-is-layout-flow\" style=\"flex-basis:50%\">\n<h2 class=\"wp-block-heading has-neve-text-color-color has-text-color\">Lerne uns kennen<\/h2>\n\n\n\n<p class=\"has-neve-text-color-color has-text-color\">Wir trainieren jeden Mittwoch zwischen 20.00 bis 21.45 Uhr im Hagener Westfalenbad. Dort besteht meistens auch die M\u00f6glichkeit zum Schnuppertauchen, nat\u00fcrlich immer unter fachkundiger Anleitung. So kannst du dir leicht ein Bild machen, ob tauchen etwas f\u00fcr dich ist. <\/p>\n\n\n\n<p class=\"has-neve-text-color-color has-text-color\">Damit wir sicherstellen k\u00f6nnen, dass hierf\u00fcr ein \u00dcbungsleiter und Ausr\u00fcstung vorhanden ist bitten wir dich zuvor eine kurze Mail an info@tsg-hagen.de zu senden. Au\u00dferdem ben\u00f6tigen wir eine Erkl\u00e4rung zu deinem Gesundheitszustand. Das entsprechende Formular k\u00f6nnt ihr in unserem Download Bereich finden und direkt am PC ausf\u00fcllen.<\/p>\n\n\n\n<div style=\"height:20px\" aria-hidden=\"true\" class=\"wp-block-spacer\"><\/div>\n\n\n\n<div class=\"wp-block-buttons is-layout-flex wp-block-buttons-is-layout-flex\">\n<div class=\"wp-block-button\"><a class=\"wp-block-button__link wp-element-button\" href=\"https:\/\/tsg-hagen.de\/index.php\/training\/\">Mehr zum Training<\/a><\/div>\n<\/div>\n\n\n\n<div style=\"height:20px\" aria-hidden=\"true\" class=\"wp-block-spacer\"><\/div>\n<\/div>\n\n\n\n<div class=\"wp-block-column is-vertically-aligned-center is-layout-flow wp-block-column-is-layout-flow\" style=\"flex-basis:50%\">\n<figure class=\"wp-block-image size-large\"><img loading=\"lazy\" decoding=\"async\" width=\"1024\" height=\"768\" src=\"https:\/\/tsg-hagen.de\/wp-content\/uploads\/2026\/02\/IMG_3122-1024x768.jpg\" alt=\"\" class=\"wp-image-1442\" srcset=\"https:\/\/tsg-hagen.de\/wp-content\/uploads\/2026\/02\/IMG_3122-1024x768.jpg 1024w, https:\/\/tsg-hagen.de\/wp-content\/uploads\/2026\/02\/IMG_3122-300x225.jpg 300w, https:\/\/tsg-hagen.de\/wp-content\/uploads\/2026\/02\/IMG_3122-768x576.jpg 768w, https:\/\/tsg-hagen.de\/wp-content\/uploads\/2026\/02\/IMG_3122-1536x1152.jpg 1536w, https:\/\/tsg-hagen.de\/wp-content\/uploads\/2026\/02\/IMG_3122-2048x1536.jpg 2048w\" sizes=\"auto, (max-width: 1024px) 100vw, 1024px\" \/><\/figure>\n<\/div>\n<\/div>\n\n\n\n<div style=\"height:40px\" aria-hidden=\"true\" class=\"wp-block-spacer\"><\/div>\n<\/div><\/div>\n<\/div><\/div>\n\n\n\n<div class=\"wp-block-cover alignfull\" style=\"min-height:600px;aspect-ratio:unset;\"><span aria-hidden=\"true\" class=\"wp-block-cover__background has-nv-light-bg-background-color has-background-dim-100 has-background-dim\"><\/span><div class=\"wp-block-cover__inner-container is-layout-flow wp-block-cover-is-layout-flow\">\n<div class=\"wp-block-group\"><div class=\"wp-block-group__inner-container is-layout-flow wp-block-group-is-layout-flow\">\n<div style=\"height:80px\" aria-hidden=\"true\" class=\"wp-block-spacer\"><\/div>\n\n\n\n<div class=\"wp-block-columns are-vertically-aligned-center is-layout-flex wp-container-core-columns-is-layout-9d6595d7 wp-block-columns-is-layout-flex\">\n<div class=\"wp-block-column is-vertically-aligned-center is-layout-flow wp-block-column-is-layout-flow\" style=\"flex-basis:50%\">\n<figure class=\"wp-block-image size-large\"><img loading=\"lazy\" decoding=\"async\" width=\"1024\" height=\"768\" src=\"https:\/\/tsg-hagen.de\/wp-content\/uploads\/2022\/03\/pexels-pixabay-261679-1024x768.jpg\" alt=\"\" class=\"wp-image-365\" srcset=\"https:\/\/tsg-hagen.de\/wp-content\/uploads\/2022\/03\/pexels-pixabay-261679-1024x768.jpg 1024w, https:\/\/tsg-hagen.de\/wp-content\/uploads\/2022\/03\/pexels-pixabay-261679-300x225.jpg 300w, https:\/\/tsg-hagen.de\/wp-content\/uploads\/2022\/03\/pexels-pixabay-261679-768x576.jpg 768w, https:\/\/tsg-hagen.de\/wp-content\/uploads\/2022\/03\/pexels-pixabay-261679-1536x1152.jpg 1536w, https:\/\/tsg-hagen.de\/wp-content\/uploads\/2022\/03\/pexels-pixabay-261679-2048x1536.jpg 2048w\" sizes=\"auto, (max-width: 1024px) 100vw, 1024px\" \/><\/figure>\n<\/div>\n\n\n\n<div class=\"wp-block-column is-vertically-aligned-center is-layout-flow wp-block-column-is-layout-flow\" style=\"flex-basis:50%\">\n<h2 class=\"wp-block-heading has-neve-text-color-color has-text-color\">Immer versichert<\/h2>\n\n\n\n<p class=\"has-neve-text-color-color has-text-color\">Alle Vereinsmitglieder sind \u00fcber den VDST versichert. Dies gilt sowohl f\u00fcr gemeinsame Tauchg\u00e4nge innerhalb des Vereins, als auch bei privaten Tauchg\u00e4ngen versichert.<br>Dies beinhaltet:<\/p>\n\n\n\n<ul class=\"wp-block-list has-neve-text-color-color has-text-color\">\n<li>Tauch\u00adunfallversicherung<\/li>\n\n\n\n<li>Tauchhaftpflichtversicherung<\/li>\n\n\n\n<li>Tauchrechtsschutz\u00adversicherung<\/li>\n\n\n\n<li>Auslandsreisekrankenversicherung<\/li>\n<\/ul>\n\n\n\n<div class=\"wp-block-buttons is-layout-flex wp-block-buttons-is-layout-flex\">\n<div class=\"wp-block-button\"><a class=\"wp-block-button__link wp-element-button\" href=\"https:\/\/www.vdst.de\/erleben\/tauchen-lernen\/tauchsport-versicherung\/\" target=\"_blank\" rel=\"noreferrer noopener\">Mehr zur Versicherung<\/a><\/div>\n<\/div>\n<\/div>\n<\/div>\n\n\n\n<div style=\"height:40px\" aria-hidden=\"true\" class=\"wp-block-spacer\"><\/div>\n<\/div><\/div>\n<\/div><\/div>\n","protected":false},"excerpt":{"rendered":"","protected":false},"author":1,"featured_media":300,"parent":0,"menu_order":0,"comment_status":"closed","ping_status":"closed","template":"","meta":{"neve_meta_sidebar":"","neve_meta_container":"","neve_meta_enable_content_width":"on","neve_meta_content_width":100,"neve_meta_title_alignment":"","neve_meta_author_avatar":"","neve_post_elements_order":"","neve_meta_disable_header":"","neve_meta_disable_footer":"","neve_meta_disable_title":"on","footnotes":""},"class_list":["post-16","page","type-page","status-publish","has-post-thumbnail","hentry"],"_links":{"self":[{"href":"https:\/\/tsg-hagen.de\/index.php\/wp-json\/wp\/v2\/pages\/16","targetHints":{"allow":["GET"]}}],"collection":[{"href":"https:\/\/tsg-hagen.de\/index.php\/wp-json\/wp\/v2\/pages"}],"about":[{"href":"https:\/\/tsg-hagen.de\/index.php\/wp-json\/wp\/v2\/types\/page"}],"author":[{"embeddable":true,"href":"https:\/\/tsg-hagen.de\/index.php\/wp-json\/wp\/v2\/users\/1"}],"replies":[{"embeddable":true,"href":"https:\/\/tsg-hagen.de\/index.php\/wp-json\/wp\/v2\/comments?post=16"}],"version-history":[{"count":40,"href":"https:\/\/tsg-hagen.de\/index.php\/wp-json\/wp\/v2\/pages\/16\/revisions"}],"predecessor-version":[{"id":1444,"href":"https:\/\/tsg-hagen.de\/index.php\/wp-json\/wp\/v2\/pages\/16\/revisions\/1444"}],"wp:featuredmedia":[{"embeddable":true,"href":"https:\/\/tsg-hagen.de\/index.php\/wp-json\/wp\/v2\/media\/300"}],"wp:attachment":[{"href":"https:\/\/tsg-hagen.de\/index.php\/wp-json\/wp\/v2\/media?parent=16"}],"curies":[{"name":"wp","href":"https:\/\/api.w.org\/{rel}","templated":true}]}}